{"id":249,"date":"2021-11-05T02:37:14","date_gmt":"2021-11-05T02:37:14","guid":{"rendered":"https:\/\/shtheme.org\/demosd\/mcgill\/?page_id=249"},"modified":"2026-03-31T09:38:09","modified_gmt":"2026-03-31T08:38:09","slug":"o-meni","status":"publish","type":"page","link":"https:\/\/www.advokatmdolic.ba\/bs_ba\/o-meni\/","title":{"rendered":"O MENI"},"content":{"rendered":"\t\t<div data-elementor-type=\"wp-page\" data-elementor-id=\"249\" class=\"elementor elementor-249\" data-elementor-post-type=\"page\">\n\t\t\t\t<div class=\"elementor-element elementor-element-4ad5f71 e-con-full e-flex e-con e-parent\" data-id=\"4ad5f71\" data-element_type=\"container\">\n\t\t\t\t<div class=\"elementor-element elementor-element-7f3a486 elementor-widget elementor-widget-spacer\" data-id=\"7f3a486\" data-element_type=\"widget\" data-widget_type=\"spacer.default\">\n\t\t\t\t<div class=\"elementor-widget-container\">\n\t\t\t\t\t\t\t<div class=\"elementor-spacer\">\n\t\t\t<div class=\"elementor-spacer-inner\"><\/div>\n\t\t<\/div>\n\t\t\t\t\t\t<\/div>\n\t\t\t\t<\/div>\n\t\t\t\t<div class=\"elementor-element elementor-element-bfed7f0 elementor-widget elementor-widget-text-editor\" data-id=\"bfed7f0\" data-element_type=\"widget\" data-widget_type=\"text-editor.default\">\n\t\t\t\t<div class=\"elementor-widget-container\">\n\t\t\t\t\t\t\t\t\t<h4 style=\"text-align: left;\"><span style=\"color: #ffffff;\">Ko je Meris Doli\u0107?<\/span><\/h4>\t\t\t\t\t\t\t\t<\/div>\n\t\t\t\t<\/div>\n\t\t\t\t<\/div>\n\t\t<div class=\"elementor-element elementor-element-a275580 e-con-full e-flex e-con e-parent\" data-id=\"a275580\" data-element_type=\"container\">\n\t\t<div class=\"elementor-element elementor-element-a502d77 e-con-full e-flex e-con e-child\" data-id=\"a502d77\" data-element_type=\"container\">\n\t\t\t\t<div class=\"elementor-element elementor-element-61f3cd0 elementor-widget elementor-widget-image\" data-id=\"61f3cd0\" data-element_type=\"widget\" data-widget_type=\"image.default\">\n\t\t\t\t<div class=\"elementor-widget-container\">\n\t\t\t\t\t\t\t\t\t\t\t\t\t\t\t<img decoding=\"async\" src=\"https:\/\/www.advokatmdolic.ba\/wp-content\/uploads\/elementor\/thumbs\/pexels-ekaterina-bolovtsova-6077123-scaled-qykazp0q9t9newi5f51h6f4hlkg76qjcf062vdcr3y.jpg\" title=\"pexels-ekaterina-bolovtsova-6077123\" alt=\"pexels-ekaterina-bolovtsova-6077123\" loading=\"lazy\" \/>\t\t\t\t\t\t\t\t\t\t\t\t\t\t\t<\/div>\n\t\t\t\t<\/div>\n\t\t\t\t<\/div>\n\t\t<div class=\"elementor-element elementor-element-4ec6ce9 e-con-full e-flex e-con e-child\" data-id=\"4ec6ce9\" data-element_type=\"container\">\n\t\t\t\t<div class=\"elementor-element elementor-element-5a81b17 elementor-widget elementor-widget-text-editor\" data-id=\"5a81b17\" data-element_type=\"widget\" data-widget_type=\"text-editor.default\">\n\t\t\t\t<div class=\"elementor-widget-container\">\n\t\t\t\t\t\t\t\t\t<h5><strong>Biografija<\/strong><\/h5><h5>Ro\u0111en sam u Tuzli, a osnovno i srednje obrazovanje (gimnaziju) zavr\u0161io sam u Kladnju. Pravni fakultet Univerziteta u Sarajevu zavr\u0161io sam 2003. godine, nakon \u010dega sam polo\u017eio pravosudni ispit 2007. godine, te advokatski ispit 2021. godine.<\/h5><h5><strong>Profesionalno iskustvo<\/strong><\/h5><h5>Svoju karijeru zapo\u010deo sam u oblasti nekretnina, rade\u0107i kao agent u jednoj Agenciji za promet nerketnina, a potom sam pripravni\u010dki sta\u017e obavio u Sudu Bosne i Hercegovine (Odjel za ratne zlo\u010dine), gdje sam stekao vrijedno iskustvo u radu na slo\u017eenim pravnim predmetima i saradnji sa advokatima u krivi\u010dnim postupcima.<\/h5><h5>Klju\u010dni dio profesionalnog razvoja ostvario sam kroz dugogodi\u0161nji rad u ZiraatBank BH d.d., gdje sam vi\u0161e od 17 godina obavljao odgovorne funkcije u sektoru pravnih poslova, uklju\u010duju\u0107i i poziciju direktora sektora nekoliko godina. U tom periodu stekao sam opse\u017eno iskustvo u bankarskom i privrednom pravu, zastupanju u sudskim postupcima, te upravljanju slo\u017eenim pravnim procesima.<\/h5><h5>Danas, kao advokat, pru\u017eam pouzdanu i efikasnu pravnu pomo\u0107 u oblastima prava koje su detaljno navedene na web stranici, pri \u010demu klijentima uvijek jasno ukazujem na potencijalne pravne rizike, dajem realnu procjenu izgleda za uspjeh, te postupke vodim odgovorno i bez nepotrebnog odugovla\u010denja, vode\u0107i ra\u010duna da klijenti ne budu izlo\u017eeni nepotrebnim tro\u0161kovima<\/h5>\t\t\t\t\t\t\t\t<\/div>\n\t\t\t\t<\/div>\n\t\t\t\t<\/div>\n\t\t\t\t<\/div>\n\t\t<div class=\"elementor-element elementor-element-6937053 e-flex e-con-boxed e-con e-parent\" data-id=\"6937053\" data-element_type=\"container\">\n\t\t\t\t\t<div class=\"e-con-inner\">\n\t\t\t\t\t<\/div>\n\t\t\t\t<\/div>\n\t\t\t\t<\/div>\n\t\t","protected":false},"excerpt":{"rendered":"<p>Ko je Meris Doli\u0107? BiografijaRo\u0111en sam u Tuzli, a osnovno i srednje obrazovanje (gimnaziju) zavr\u0161io sam u Kladnju. Pravni fakultet Univerziteta u Sarajevu zavr\u0161io sam 2003. godine, nakon \u010dega sam polo\u017eio pravosudni ispit 2007. godine, te advokatski ispit 2021. godine.Profesionalno iskustvoSvoju karijeru zapo\u010deo sam u oblasti nekretnina, rade\u0107i kao agent u jednoj Agenciji za promet [&hellip;]<\/p>\n","protected":false},"author":1,"featured_media":0,"parent":0,"menu_order":0,"comment_status":"closed","ping_status":"closed","template":"page-templates\/page-dark.php","meta":{"inline_featured_image":false,"footnotes":""},"class_list":["post-249","page","type-page","status-publish","hentry"],"yoast_head":"<!-- This site is optimized with the Yoast SEO plugin v27.4 - https:\/\/yoast.com\/product\/yoast-seo-wordpress\/ -->\n<title>O MENI - Advokat Meris Doli\u0107<\/title>\n<meta name=\"description\" content=\"Iskusan advokat s profesionalnim pristupom pru\u017ea pravne savjete i zastupanje u izvr\u0161nim postupcima, porodi\u010dnim sporovima i korporativnom pravu. Advokat Meris Doli\u0107 Sarajevo\" \/>\n<meta name=\"robots\" content=\"index, follow, max-snippet:-1, max-image-preview:large, max-video-preview:-1\" \/>\n<link rel=\"canonical\" href=\"https:\/\/www.advokatmdolic.ba\/bs_ba\/o-meni\/\" \/>\n<meta property=\"og:locale\" content=\"bs_BA\" \/>\n<meta property=\"og:type\" content=\"article\" \/>\n<meta property=\"og:title\" content=\"O MENI - Advokat Meris Doli\u0107\" \/>\n<meta property=\"og:description\" content=\"Iskusan advokat s profesionalnim pristupom pru\u017ea pravne savjete i zastupanje u izvr\u0161nim postupcima, porodi\u010dnim sporovima i korporativnom pravu. Advokat Meris Doli\u0107 Sarajevo\" \/>\n<meta property=\"og:url\" content=\"https:\/\/www.advokatmdolic.ba\/bs_ba\/o-meni\/\" \/>\n<meta property=\"og:site_name\" content=\"Advokat Meris Doli\u0107\" \/>\n<meta property=\"article:modified_time\" content=\"2026-03-31T08:38:09+00:00\" \/>\n<meta property=\"og:image\" content=\"https:\/\/www.advokatmdolic.ba\/wp-content\/uploads\/elementor\/thumbs\/pexels-ekaterina-bolovtsova-6077123-scaled-qykazp0q9t9newi5f51h6f4hlkg76qjcf062vdcr48.jpg\" \/>\n<meta name=\"twitter:card\" content=\"summary_large_image\" \/>\n<meta name=\"twitter:label1\" content=\"Est. reading time\" \/>\n\t<meta name=\"twitter:data1\" content=\"2 minute\" \/>\n<script type=\"application\/ld+json\" class=\"yoast-schema-graph\">{\"@context\":\"https:\\\/\\\/schema.org\",\"@graph\":[{\"@type\":\"WebPage\",\"@id\":\"https:\\\/\\\/www.advokatmdolic.ba\\\/bs_ba\\\/o-meni\\\/\",\"url\":\"https:\\\/\\\/www.advokatmdolic.ba\\\/bs_ba\\\/o-meni\\\/\",\"name\":\"O MENI - Advokat Meris Doli\u0107\",\"isPartOf\":{\"@id\":\"https:\\\/\\\/www.advokatmdolic.ba\\\/#website\"},\"primaryImageOfPage\":{\"@id\":\"https:\\\/\\\/www.advokatmdolic.ba\\\/bs_ba\\\/o-meni\\\/#primaryimage\"},\"image\":{\"@id\":\"https:\\\/\\\/www.advokatmdolic.ba\\\/bs_ba\\\/o-meni\\\/#primaryimage\"},\"thumbnailUrl\":\"https:\\\/\\\/www.advokatmdolic.ba\\\/wp-content\\\/uploads\\\/elementor\\\/thumbs\\\/pexels-ekaterina-bolovtsova-6077123-scaled-qykazp0q9t9newi5f51h6f4hlkg76qjcf062vdcr48.jpg\",\"datePublished\":\"2021-11-05T02:37:14+00:00\",\"dateModified\":\"2026-03-31T08:38:09+00:00\",\"description\":\"Iskusan advokat s profesionalnim pristupom pru\u017ea pravne savjete i zastupanje u izvr\u0161nim postupcima, porodi\u010dnim sporovima i korporativnom pravu. Advokat Meris Doli\u0107 Sarajevo\",\"breadcrumb\":{\"@id\":\"https:\\\/\\\/www.advokatmdolic.ba\\\/bs_ba\\\/o-meni\\\/#breadcrumb\"},\"inLanguage\":\"bs-BA\",\"potentialAction\":[{\"@type\":\"ReadAction\",\"target\":[\"https:\\\/\\\/www.advokatmdolic.ba\\\/bs_ba\\\/o-meni\\\/\"]}]},{\"@type\":\"ImageObject\",\"inLanguage\":\"bs-BA\",\"@id\":\"https:\\\/\\\/www.advokatmdolic.ba\\\/bs_ba\\\/o-meni\\\/#primaryimage\",\"url\":\"https:\\\/\\\/www.advokatmdolic.ba\\\/wp-content\\\/uploads\\\/elementor\\\/thumbs\\\/pexels-ekaterina-bolovtsova-6077123-scaled-qykazp0q9t9newi5f51h6f4hlkg76qjcf062vdcr48.jpg\",\"contentUrl\":\"https:\\\/\\\/www.advokatmdolic.ba\\\/wp-content\\\/uploads\\\/elementor\\\/thumbs\\\/pexels-ekaterina-bolovtsova-6077123-scaled-qykazp0q9t9newi5f51h6f4hlkg76qjcf062vdcr48.jpg\"},{\"@type\":\"BreadcrumbList\",\"@id\":\"https:\\\/\\\/www.advokatmdolic.ba\\\/bs_ba\\\/o-meni\\\/#breadcrumb\",\"itemListElement\":[{\"@type\":\"ListItem\",\"position\":1,\"name\":\"Home\",\"item\":\"https:\\\/\\\/www.advokatmdolic.ba\\\/\"},{\"@type\":\"ListItem\",\"position\":2,\"name\":\"O MENI\"}]},{\"@type\":\"WebSite\",\"@id\":\"https:\\\/\\\/www.advokatmdolic.ba\\\/#website\",\"url\":\"https:\\\/\\\/www.advokatmdolic.ba\\\/\",\"name\":\"Advokat Meris Doli\u0107\",\"description\":\"Advokat Meris Doli\u0107\",\"publisher\":{\"@id\":\"https:\\\/\\\/www.advokatmdolic.ba\\\/#\\\/schema\\\/person\\\/13c667c19ae57e8902b7245435e316e8\"},\"potentialAction\":[{\"@type\":\"SearchAction\",\"target\":{\"@type\":\"EntryPoint\",\"urlTemplate\":\"https:\\\/\\\/www.advokatmdolic.ba\\\/?s={search_term_string}\"},\"query-input\":{\"@type\":\"PropertyValueSpecification\",\"valueRequired\":true,\"valueName\":\"search_term_string\"}}],\"inLanguage\":\"bs-BA\"},{\"@type\":[\"Person\",\"Organization\"],\"@id\":\"https:\\\/\\\/www.advokatmdolic.ba\\\/#\\\/schema\\\/person\\\/13c667c19ae57e8902b7245435e316e8\",\"name\":\"admin\",\"image\":{\"@type\":\"ImageObject\",\"inLanguage\":\"bs-BA\",\"@id\":\"https:\\\/\\\/www.advokatmdolic.ba\\\/wp-content\\\/uploads\\\/2024\\\/12\\\/cropped-4.png\",\"url\":\"https:\\\/\\\/www.advokatmdolic.ba\\\/wp-content\\\/uploads\\\/2024\\\/12\\\/cropped-4.png\",\"contentUrl\":\"https:\\\/\\\/www.advokatmdolic.ba\\\/wp-content\\\/uploads\\\/2024\\\/12\\\/cropped-4.png\",\"width\":512,\"height\":512,\"caption\":\"admin\"},\"logo\":{\"@id\":\"https:\\\/\\\/www.advokatmdolic.ba\\\/wp-content\\\/uploads\\\/2024\\\/12\\\/cropped-4.png\"},\"sameAs\":[\"https:\\\/\\\/www.advokatmdolic.ba\"]}]}<\/script>\n<!-- \/ Yoast SEO plugin. -->","yoast_head_json":{"title":"O MENI - Advokat Meris Doli\u0107","description":"Iskusan advokat s profesionalnim pristupom pru\u017ea pravne savjete i zastupanje u izvr\u0161nim postupcima, porodi\u010dnim sporovima i korporativnom pravu. Advokat Meris Doli\u0107 Sarajevo","robots":{"index":"index","follow":"follow","max-snippet":"max-snippet:-1","max-image-preview":"max-image-preview:large","max-video-preview":"max-video-preview:-1"},"canonical":"https:\/\/www.advokatmdolic.ba\/bs_ba\/o-meni\/","og_locale":"bs_BA","og_type":"article","og_title":"O MENI - Advokat Meris Doli\u0107","og_description":"Iskusan advokat s profesionalnim pristupom pru\u017ea pravne savjete i zastupanje u izvr\u0161nim postupcima, porodi\u010dnim sporovima i korporativnom pravu. Advokat Meris Doli\u0107 Sarajevo","og_url":"https:\/\/www.advokatmdolic.ba\/bs_ba\/o-meni\/","og_site_name":"Advokat Meris Doli\u0107","article_modified_time":"2026-03-31T08:38:09+00:00","og_image":[{"url":"https:\/\/www.advokatmdolic.ba\/wp-content\/uploads\/elementor\/thumbs\/pexels-ekaterina-bolovtsova-6077123-scaled-qykazp0q9t9newi5f51h6f4hlkg76qjcf062vdcr48.jpg","type":"","width":"","height":""}],"twitter_card":"summary_large_image","twitter_misc":{"Est. reading time":"2 minute"},"schema":{"@context":"https:\/\/schema.org","@graph":[{"@type":"WebPage","@id":"https:\/\/www.advokatmdolic.ba\/bs_ba\/o-meni\/","url":"https:\/\/www.advokatmdolic.ba\/bs_ba\/o-meni\/","name":"O MENI - Advokat Meris Doli\u0107","isPartOf":{"@id":"https:\/\/www.advokatmdolic.ba\/#website"},"primaryImageOfPage":{"@id":"https:\/\/www.advokatmdolic.ba\/bs_ba\/o-meni\/#primaryimage"},"image":{"@id":"https:\/\/www.advokatmdolic.ba\/bs_ba\/o-meni\/#primaryimage"},"thumbnailUrl":"https:\/\/www.advokatmdolic.ba\/wp-content\/uploads\/elementor\/thumbs\/pexels-ekaterina-bolovtsova-6077123-scaled-qykazp0q9t9newi5f51h6f4hlkg76qjcf062vdcr48.jpg","datePublished":"2021-11-05T02:37:14+00:00","dateModified":"2026-03-31T08:38:09+00:00","description":"Iskusan advokat s profesionalnim pristupom pru\u017ea pravne savjete i zastupanje u izvr\u0161nim postupcima, porodi\u010dnim sporovima i korporativnom pravu. Advokat Meris Doli\u0107 Sarajevo","breadcrumb":{"@id":"https:\/\/www.advokatmdolic.ba\/bs_ba\/o-meni\/#breadcrumb"},"inLanguage":"bs-BA","potentialAction":[{"@type":"ReadAction","target":["https:\/\/www.advokatmdolic.ba\/bs_ba\/o-meni\/"]}]},{"@type":"ImageObject","inLanguage":"bs-BA","@id":"https:\/\/www.advokatmdolic.ba\/bs_ba\/o-meni\/#primaryimage","url":"https:\/\/www.advokatmdolic.ba\/wp-content\/uploads\/elementor\/thumbs\/pexels-ekaterina-bolovtsova-6077123-scaled-qykazp0q9t9newi5f51h6f4hlkg76qjcf062vdcr48.jpg","contentUrl":"https:\/\/www.advokatmdolic.ba\/wp-content\/uploads\/elementor\/thumbs\/pexels-ekaterina-bolovtsova-6077123-scaled-qykazp0q9t9newi5f51h6f4hlkg76qjcf062vdcr48.jpg"},{"@type":"BreadcrumbList","@id":"https:\/\/www.advokatmdolic.ba\/bs_ba\/o-meni\/#breadcrumb","itemListElement":[{"@type":"ListItem","position":1,"name":"Home","item":"https:\/\/www.advokatmdolic.ba\/"},{"@type":"ListItem","position":2,"name":"O MENI"}]},{"@type":"WebSite","@id":"https:\/\/www.advokatmdolic.ba\/#website","url":"https:\/\/www.advokatmdolic.ba\/","name":"Advokat Meris Doli\u0107","description":"Advokat Meris Doli\u0107","publisher":{"@id":"https:\/\/www.advokatmdolic.ba\/#\/schema\/person\/13c667c19ae57e8902b7245435e316e8"},"potentialAction":[{"@type":"SearchAction","target":{"@type":"EntryPoint","urlTemplate":"https:\/\/www.advokatmdolic.ba\/?s={search_term_string}"},"query-input":{"@type":"PropertyValueSpecification","valueRequired":true,"valueName":"search_term_string"}}],"inLanguage":"bs-BA"},{"@type":["Person","Organization"],"@id":"https:\/\/www.advokatmdolic.ba\/#\/schema\/person\/13c667c19ae57e8902b7245435e316e8","name":"admin","image":{"@type":"ImageObject","inLanguage":"bs-BA","@id":"https:\/\/www.advokatmdolic.ba\/wp-content\/uploads\/2024\/12\/cropped-4.png","url":"https:\/\/www.advokatmdolic.ba\/wp-content\/uploads\/2024\/12\/cropped-4.png","contentUrl":"https:\/\/www.advokatmdolic.ba\/wp-content\/uploads\/2024\/12\/cropped-4.png","width":512,"height":512,"caption":"admin"},"logo":{"@id":"https:\/\/www.advokatmdolic.ba\/wp-content\/uploads\/2024\/12\/cropped-4.png"},"sameAs":["https:\/\/www.advokatmdolic.ba"]}]}},"_links":{"self":[{"href":"https:\/\/www.advokatmdolic.ba\/bs_ba\/wp-json\/wp\/v2\/pages\/249","targetHints":{"allow":["GET"]}}],"collection":[{"href":"https:\/\/www.advokatmdolic.ba\/bs_ba\/wp-json\/wp\/v2\/pages"}],"about":[{"href":"https:\/\/www.advokatmdolic.ba\/bs_ba\/wp-json\/wp\/v2\/types\/page"}],"author":[{"embeddable":true,"href":"https:\/\/www.advokatmdolic.ba\/bs_ba\/wp-json\/wp\/v2\/users\/1"}],"replies":[{"embeddable":true,"href":"https:\/\/www.advokatmdolic.ba\/bs_ba\/wp-json\/wp\/v2\/comments?post=249"}],"version-history":[{"count":51,"href":"https:\/\/www.advokatmdolic.ba\/bs_ba\/wp-json\/wp\/v2\/pages\/249\/revisions"}],"predecessor-version":[{"id":1156,"href":"https:\/\/www.advokatmdolic.ba\/bs_ba\/wp-json\/wp\/v2\/pages\/249\/revisions\/1156"}],"wp:attachment":[{"href":"https:\/\/www.advokatmdolic.ba\/bs_ba\/wp-json\/wp\/v2\/media?parent=249"}],"curies":[{"name":"wp","href":"https:\/\/api.w.org\/{rel}","templated":true}]}}